{"id":712,"date":"2022-02-17T22:59:14","date_gmt":"2022-02-17T20:59:14","guid":{"rendered":"http:\/\/a4.commsmundi.com\/?page_id=712"},"modified":"2022-06-15T11:46:53","modified_gmt":"2022-06-15T09:46:53","slug":"hotel","status":"publish","type":"page","link":"https:\/\/www.wirelessmundi.es\/?page_id=712","title":{"rendered":"Hotel"},"content":{"rendered":"\t\t<div data-elementor-type=\"wp-page\" data-elementor-id=\"712\" class=\"elementor elementor-712\">\n\t\t\t\t\t\t<section class=\"elementor-section elementor-top-section elementor-element elementor-element-73c71332 elementor-section-height-min-height elementor-section-content-middle animated-slow elementor-section-boxed elementor-section-height-default elementor-section-items-middle elementor-invisible\" data-id=\"73c71332\" data-element_type=\"section\" data-settings=\"{&quot;background_background&quot;:&quot;classic&quot;,&quot;animation&quot;:&quot;fadeInUp&quot;}\">\n\t\t\t\t\t\t\t<div class=\"elementor-background-overlay\"><\/div>\n\t\t\t\t\t\t\t<div class=\"elementor-container elementor-column-gap-no\">\n\t\t\t\t\t<div class=\"elementor-column elementor-col-33 elementor-top-column elementor-element elementor-element-7ebfc086\" data-id=\"7ebfc086\" data-element_type=\"column\">\n\t\t\t<div class=\"elementor-widget-wrap elementor-element-populated\">\n\t\t\t\t\t\t<div class=\"elementor-element elementor-element-523fb66 animated-slow elementor-invisible elementor-widget elementor-widget-heading\" data-id=\"523fb66\" data-element_type=\"widget\" data-settings=\"{&quot;_animation&quot;:&quot;fadeInLeft&quot;}\" data-widget_type=\"heading.default\">\n\t\t\t\t<div class=\"elementor-widget-container\">\n\t\t\t\t\t<h2 class=\"elementor-heading-title elementor-size-default\">\u00bfQU\u00c9 ES COMMSMUNDI HOTEL RESIDENCIA?<\/h2>\t\t\t\t<\/div>\n\t\t\t\t<\/div>\n\t\t\t\t<div class=\"elementor-element elementor-element-b92861a animated-slow elementor-invisible elementor-widget elementor-widget-text-editor\" data-id=\"b92861a\" data-element_type=\"widget\" data-settings=\"{&quot;_animation&quot;:&quot;fadeInUp&quot;}\" data-widget_type=\"text-editor.default\">\n\t\t\t\t<div class=\"elementor-widget-container\">\n\t\t\t\t\t\t\t\t\t<p>Comms Mundi Hotel Residencia es el m\u00f3dulo especialmente dise\u00f1ado para hoteles, apartamentos y residencias proporcionando acceso telef\u00f3nico e Internet de f\u00e1cil uso a sus hu\u00e9spedes adem\u00e1s de disponer de una soluci\u00f3n avanzada de v\u00eddeo vigilancia y mucho m\u00e1s.<\/p>\t\t\t\t\t\t\t\t<\/div>\n\t\t\t\t<\/div>\n\t\t\t\t\t<\/div>\n\t\t<\/div>\n\t\t\t\t<div class=\"elementor-column elementor-col-33 elementor-top-column elementor-element elementor-element-b37276c\" data-id=\"b37276c\" data-element_type=\"column\">\n\t\t\t<div class=\"elementor-widget-wrap elementor-element-populated\">\n\t\t\t\t\t\t<div class=\"elementor-element elementor-element-1180f33 animated-slow elementor-invisible elementor-widget elementor-widget-heading\" data-id=\"1180f33\" data-element_type=\"widget\" data-settings=\"{&quot;_animation&quot;:&quot;fadeInDown&quot;}\" data-widget_type=\"heading.default\">\n\t\t\t\t<div class=\"elementor-widget-container\">\n\t\t\t\t\t<h2 class=\"elementor-heading-title elementor-size-default\">\u00bfPOR QU\u00c9 NECESITAS COMMSMUNDI HOTEL RESIDENCIA?<\/h2>\t\t\t\t<\/div>\n\t\t\t\t<\/div>\n\t\t\t\t<div class=\"elementor-element elementor-element-fc5efcb animated-slow elementor-invisible elementor-widget elementor-widget-text-editor\" data-id=\"fc5efcb\" data-element_type=\"widget\" data-settings=\"{&quot;_animation&quot;:&quot;zoomIn&quot;}\" data-widget_type=\"text-editor.default\">\n\t\t\t\t<div class=\"elementor-widget-container\">\n\t\t\t\t\t\t\t\t\t<p>-Porque tus hu\u00e9spedes merecen lo mejor<\/p><p>-Porque ahorras en telefon\u00eda e Internet ofreciendo una calidad excelente.<\/p><p>-Porque tienes la opci\u00f3n de elegir entre cientos de proveedores VoIP rentabilizando el ahorro en todo tipo de tr\u00e1fico.<\/p><p>-Porque dispondr\u00e1s de un interfaz unificado especialmente desarrollado para cubrir los servicios y controlar la ocupaci\u00f3n.<\/p><p>-Porque los hu\u00e9spedes dispondr\u00e1n de una r\u00e1pida conexi\u00f3n a internet \u00a0y una insuperable experiencia en la telefon\u00eda.<\/p><p>-Porque cuenta con sistema de video vigilancia flexible simple y de uso f\u00e1cil.<\/p><p>-Porque con la tecnolog\u00eda IP, puedes instalar o mover c\u00e1maras y equipo a cualquier parte sin necesidad de cableado complicado y caro.<\/p><p>-Porque no es necesario ser un t\u00e9cnico experto para usar Comms Mundi. Con un interfaz intuitivo y amigable podr\u00e1s gestionar Comms Mundi desde cualquier parte del mundo.<\/p>\t\t\t\t\t\t\t\t<\/div>\n\t\t\t\t<\/div>\n\t\t\t\t\t<\/div>\n\t\t<\/div>\n\t\t\t\t<div class=\"elementor-column elementor-col-33 elementor-top-column elementor-element elementor-element-71525e3d\" data-id=\"71525e3d\" data-element_type=\"column\" data-settings=\"{&quot;animation&quot;:&quot;none&quot;}\">\n\t\t\t<div class=\"elementor-widget-wrap elementor-element-populated\">\n\t\t\t\t\t\t<div class=\"elementor-element elementor-element-1d291862 animated-slow elementor-invisible elementor-widget elementor-widget-video\" data-id=\"1d291862\" data-element_type=\"widget\" data-settings=\"{&quot;show_image_overlay&quot;:&quot;yes&quot;,&quot;image_overlay&quot;:{&quot;url&quot;:&quot;http:\\\/\\\/wirelessmundi.com\\\/wp-content\\\/uploads\\\/2022\\\/02\\\/9-Tarjeta_CommsMundi_hotel1_20220128.png&quot;,&quot;id&quot;:808,&quot;size&quot;:&quot;&quot;,&quot;alt&quot;:&quot;&quot;,&quot;source&quot;:&quot;library&quot;},&quot;video_type&quot;:&quot;hosted&quot;,&quot;_animation&quot;:&quot;fadeInRight&quot;,&quot;controls&quot;:&quot;yes&quot;}\" data-widget_type=\"video.default\">\n\t\t\t\t<div class=\"elementor-widget-container\">\n\t\t\t\t\t\t\t<div class=\"e-hosted-video elementor-wrapper elementor-open-inline\">\n\t\t\t\t\t<video class=\"elementor-video\" src=\"http:\/\/wirelessmundi.com\/wp-content\/uploads\/2022\/02\/video-en-construccion_cabecera_en_cola_1.mp4\" controls=\"\" preload=\"metadata\" controlsList=\"nodownload\" poster=\"http:\/\/wirelessmundi.com\/wp-content\/uploads\/2022\/02\/9-Tarjeta_CommsMundi_hotel1_20220128.png\"><\/video>\n\t\t\t\t\t\t<div class=\"elementor-custom-embed-image-overlay\" style=\"background-image: url(https:\/\/www.wirelessmundi.es\/wp-content\/uploads\/2022\/02\/9-Tarjeta_CommsMundi_hotel1_20220128.png);\">\n\t\t\t\t\t\t\t\t\t\t\t\t\t\t\t\t<div class=\"elementor-custom-embed-play\" role=\"button\" aria-label=\"Reproducir v\u00eddeo\" tabindex=\"0\">\n\t\t\t\t\t\t\t<i aria-hidden=\"true\" class=\"eicon-play\"><\/i>\t\t\t\t\t\t<\/div>\n\t\t\t\t\t\t\t\t\t<\/div>\n\t\t\t\t\t<\/div>\n\t\t\t\t\t\t<\/div>\n\t\t\t\t<\/div>\n\t\t\t\t\t<\/div>\n\t\t<\/div>\n\t\t\t\t\t<\/div>\n\t\t<\/section>\n\t\t\t\t<section class=\"elementor-section elementor-top-section elementor-element elementor-element-5befd8d1 elementor-section-content-middle animated-slow elementor-section-boxed elementor-section-height-default elementor-section-height-default elementor-invisible\" data-id=\"5befd8d1\" data-element_type=\"section\" data-settings=\"{&quot;background_background&quot;:&quot;classic&quot;,&quot;animation&quot;:&quot;fadeInUp&quot;}\">\n\t\t\t\t\t\t<div class=\"elementor-container elementor-column-gap-no\">\n\t\t\t\t\t<div class=\"elementor-column elementor-col-50 elementor-top-column elementor-element elementor-element-1de12030\" data-id=\"1de12030\" data-element_type=\"column\">\n\t\t\t<div class=\"elementor-widget-wrap elementor-element-populated\">\n\t\t\t\t\t\t<div class=\"elementor-element elementor-element-69f1cfb0 animated-slow elementor-invisible elementor-widget elementor-widget-heading\" data-id=\"69f1cfb0\" data-element_type=\"widget\" data-settings=\"{&quot;_animation&quot;:&quot;fadeInLeft&quot;}\" data-widget_type=\"heading.default\">\n\t\t\t\t<div class=\"elementor-widget-container\">\n\t\t\t\t\t<h4 class=\"elementor-heading-title elementor-size-default\">Descarga las especificaciones t\u00e9cnicas de Comms Mundi Hotel -&gt;<\/h4>\t\t\t\t<\/div>\n\t\t\t\t<\/div>\n\t\t\t\t\t<\/div>\n\t\t<\/div>\n\t\t\t\t<div class=\"elementor-column elementor-col-50 elementor-top-column elementor-element elementor-element-7ab038de\" data-id=\"7ab038de\" data-element_type=\"column\">\n\t\t\t<div class=\"elementor-widget-wrap elementor-element-populated\">\n\t\t\t\t\t\t<div class=\"elementor-element elementor-element-ddc4c03 elementor-align-center animated-slow elementor-invisible elementor-widget elementor-widget-button\" data-id=\"ddc4c03\" data-element_type=\"widget\" data-settings=\"{&quot;_animation&quot;:&quot;zoomIn&quot;}\" data-widget_type=\"button.default\">\n\t\t\t\t<div class=\"elementor-widget-container\">\n\t\t\t\t\t\t\t\t\t<div class=\"elementor-button-wrapper\">\n\t\t\t\t\t<a class=\"elementor-button elementor-button-link elementor-size-sm\" href=\"http:\/\/www.wirelessmundi.com\/wp-content\/uploads\/2022\/06\/especificaciones_cm_hotel_es_20220608.pdf\">\n\t\t\t\t\t\t<span class=\"elementor-button-content-wrapper\">\n\t\t\t\t\t\t<span class=\"elementor-button-icon\">\n\t\t\t\t<i aria-hidden=\"true\" class=\"far fa-file-pdf\"><\/i>\t\t\t<\/span>\n\t\t\t\t\t\t\t\t\t<span class=\"elementor-button-text\">Comms Mundi Hotel PDF<\/span>\n\t\t\t\t\t<\/span>\n\t\t\t\t\t<\/a>\n\t\t\t\t<\/div>\n\t\t\t\t\t\t\t\t<\/div>\n\t\t\t\t<\/div>\n\t\t\t\t\t<\/div>\n\t\t<\/div>\n\t\t\t\t\t<\/div>\n\t\t<\/section>\n\t\t\t\t<\/div>\n\t\t","protected":false},"excerpt":{"rendered":"<p>\u00bfQU\u00c9 ES COMMSMUNDI HOTEL RESIDENCIA? Comms Mundi Hotel Residencia es el m\u00f3dulo especialmente dise\u00f1ado para hoteles, apartamentos y residencias proporcionando acceso telef\u00f3nico e Internet de f\u00e1cil uso a sus hu\u00e9spedes adem\u00e1s de disponer de una soluci\u00f3n avanzada de v\u00eddeo vigilancia y mucho m\u00e1s. \u00bfPOR QU\u00c9 NECESITAS COMMSMUNDI HOTEL RESIDENCIA? -Porque tus hu\u00e9spedes merecen lo mejor &hellip;<\/p>\n<p class=\"read-more\"> <a class=\"\" href=\"https:\/\/www.wirelessmundi.es\/?page_id=712\"> <span class=\"screen-reader-text\">Hotel<\/span> Leer m\u00e1s &raquo;<\/a><\/p>\n","protected":false},"author":1,"featured_media":0,"parent":0,"menu_order":0,"comment_status":"closed","ping_status":"closed","template":"","meta":{"site-sidebar-layout":"no-sidebar","site-content-layout":"page-builder","ast-global-header-display":"","ast-main-header-display":"","ast-hfb-above-header-display":"","ast-hfb-below-header-display":"","ast-hfb-mobile-header-display":"","site-post-title":"disabled","ast-breadcrumbs-content":"","ast-featured-img":"disabled","footer-sml-layout":"","theme-transparent-header-meta":"","adv-header-id-meta":"","stick-header-meta":"","header-above-stick-meta":"","header-main-stick-meta":"","header-below-stick-meta":"","footnotes":""},"class_list":["post-712","page","type-page","status-publish","hentry"],"_links":{"self":[{"href":"https:\/\/www.wirelessmundi.es\/index.php?rest_route=\/wp\/v2\/pages\/712","targetHints":{"allow":["GET"]}}],"collection":[{"href":"https:\/\/www.wirelessmundi.es\/index.php?rest_route=\/wp\/v2\/pages"}],"about":[{"href":"https:\/\/www.wirelessmundi.es\/index.php?rest_route=\/wp\/v2\/types\/page"}],"author":[{"embeddable":true,"href":"https:\/\/www.wirelessmundi.es\/index.php?rest_route=\/wp\/v2\/users\/1"}],"replies":[{"embeddable":true,"href":"https:\/\/www.wirelessmundi.es\/index.php?rest_route=%2Fwp%2Fv2%2Fcomments&post=712"}],"version-history":[{"count":34,"href":"https:\/\/www.wirelessmundi.es\/index.php?rest_route=\/wp\/v2\/pages\/712\/revisions"}],"predecessor-version":[{"id":2480,"href":"https:\/\/www.wirelessmundi.es\/index.php?rest_route=\/wp\/v2\/pages\/712\/revisions\/2480"}],"wp:attachment":[{"href":"https:\/\/www.wirelessmundi.es\/index.php?rest_route=%2Fwp%2Fv2%2Fmedia&parent=712"}],"curies":[{"name":"wp","href":"https:\/\/api.w.org\/{rel}","templated":true}]}}